{"id":1039,"date":"2021-05-27T13:16:19","date_gmt":"2021-05-27T11:16:19","guid":{"rendered":"https:\/\/rubinstein-partner.com\/?page_id=1039"},"modified":"2024-02-26T23:22:29","modified_gmt":"2024-02-26T22:22:29","slug":"erika-rubinstein","status":"publish","type":"page","link":"https:\/\/rubinstein-partner.com\/ru\/erika-rubinstein\/","title":{"rendered":"Erika Rubinstein"},"content":{"rendered":"\t\t<div data-elementor-type=\"wp-page\" data-elementor-id=\"1039\" class=\"elementor elementor-1039 elementor-763\">\n\t\t\t\t\t\t<section class=\"has_eae_slider elementor-section elementor-top-section elementor-element elementor-element-86c4885 elementor-section-full_width elementor-section-height-default elementor-section-height-default\" data-id=\"86c4885\" data-element_type=\"section\">\n\t\t\t\t\t\t<div class=\"elementor-container elementor-column-gap-no\">\n\t\t\t\t\t<div class=\"has_eae_slider elementor-column elementor-col-100 elementor-top-column elementor-element elementor-element-cc5fce6\" data-id=\"cc5fce6\" data-element_type=\"column\">\n\t\t\t<div class=\"elementor-widget-wrap elementor-element-populated\">\n\t\t\t\t\t\t<div class=\"elementor-element elementor-element-925b29b elementor-widget elementor-widget-hx-oule_hero\" data-id=\"925b29b\" data-element_type=\"widget\" data-settings=\"{&quot;hero_image&quot;:{&quot;url&quot;:&quot;http:\\\/\\\/hellloexpert.com\\\/wp\\\/el-oule\\\/wp-content\\\/uploads\\\/2021\\\/05\\\/slide-1-min.png&quot;,&quot;id&quot;:49,&quot;size&quot;:&quot;&quot;},&quot;hero_shape&quot;:{&quot;url&quot;:&quot;http:\\\/\\\/rubinstein-partner.com\\\/wp-content\\\/uploads\\\/2023\\\/12\\\/hero-shape-2.png&quot;,&quot;id&quot;:996,&quot;size&quot;:&quot;&quot;,&quot;alt&quot;:&quot;&quot;,&quot;source&quot;:&quot;library&quot;}}\" data-widget_type=\"hx-oule_hero.default\">\n\t\t\t\t<div class=\"elementor-widget-container\">\n\t\t\t\t\t<div class=\"oule-hero hero hero-static-image hero-style-2-69f89b8e9b3dd \" >\n\t\t\t<div class=\"container\">\n\t\t\t\t<div class=\"row\">\n\t\t\t\t\t<div class=\"col col-md-6 col-sm-7\">\n\t\t\t\t\t\t\t\t\t\t\t\t\t<div class=\"slide-title\">\n\t\t\t\t\t\t\t\t<h2>Grenzenlose Kommunikation - Wir sprechen Ihre Sprache<\/h2>\n\t\t\t\t\t\t\t<\/div>\n\t\t\t\t\t\t\t\t\t\t\t\t\t<div class=\"slide-subtitle\">\n\t\t\t\t\t\t\t\t<p>Professionelle Sprachdienstleistungen<\/p>\n\t\t\t\t\t\t\t<\/div>\n\t\t\t\t\t\t\t\t\t\t\t\t<div class=\"btns\">\n\t\t\t\t\t\t\t<a href=\"\/kontakt\"   class=\"theme-btn-s2\">Kontakt aufnehmen<\/a>\t\t\t\t\t\t<\/div>\n\t\t\t\t\t<\/div>\n\t\t\t\t\t<div class=\"hero-image\"  style=\"background-image: url( https:\/\/rubinstein-partner.com\/wp-content\/uploads\/2021\/05\/slide-1-min.png );\"><\/div>\n\t\t\t\t<\/div>\n\t\t\t<\/div>\n\t\t<\/div>\n\t\t<\/div>\n\t\t\t\t<\/div>\n\t\t\t\t\t<\/div>\n\t\t<\/div>\n\t\t\t\t\t<\/div>\n\t\t<\/section>\n\t\t\t\t<section class=\"has_eae_slider elementor-section elementor-top-section elementor-element elementor-element-5fc53d0 elementor-section-full_width elementor-section-height-default elementor-section-height-default\" data-id=\"5fc53d0\" data-element_type=\"section\">\n\t\t\t\t\t\t<div class=\"elementor-container elementor-column-gap-no\">\n\t\t\t\t\t<div class=\"has_eae_slider elementor-column elementor-col-100 elementor-top-column elementor-element elementor-element-691c5c9\" data-id=\"691c5c9\" data-element_type=\"column\">\n\t\t\t<div class=\"elementor-widget-wrap elementor-element-populated\">\n\t\t\t\t\t\t<div class=\"elementor-element elementor-element-f4e32f8 elementor-widget elementor-widget-tmx-oule_about\" data-id=\"f4e32f8\" data-element_type=\"widget\" id=\"erika_rubinstein\" data-settings=\"{&quot;about_image&quot;:{&quot;url&quot;:&quot;http:\\\/\\\/rubinstein-partner.com\\\/wp-content\\\/uploads\\\/2024\\\/02\\\/Rubinstein2.png&quot;,&quot;id&quot;:1284,&quot;size&quot;:&quot;&quot;,&quot;alt&quot;:&quot;&quot;,&quot;source&quot;:&quot;library&quot;}}\" data-widget_type=\"tmx-oule_about.default\">\n\t\t\t\t<div class=\"elementor-widget-container\">\n\t\t\t\t\t<div class=\"about-section\">\n\t\t\t<div class=\"content-area\">\n\t\t\t\t<div class=\"left-content\">\n\t\t\t\t\t<img decoding=\"async\" src=\"https:\/\/rubinstein-partner.com\/wp-content\/uploads\/2024\/02\/Rubinstein2.png\" alt=\"\">\t\t\t\t<\/div>\n\t\t\t\t<div class=\"right-content\">\n\t\t\t\t\t<div class=\"about-content\">\n\t\t\t\t\t\t<div class=\"section-title\">\n\t\t\t\t\t\t\t<span>Erika Rubinstein<\/span>\t\t\t\t\t\t<\/div>\n\t\t\t\t\t\t<div class=\"details\">\n\t\t\t\t\t\t\tErika Rubinstein, M.A. Philologie, Konferenzdolmetscherin und erm\u00e4chtigte \u00dcbersetzerin, Mitglied in AIIC und VKD, arbeitet seit 2000 freiberuflich in den Sprachkombinationen Deutsch, Russisch und Englisch f\u00fcr EU- und UN-Beh\u00f6rden, Bundes- und Landesministerien und -\u00e4mter, sowie f\u00fcr internationale Konzerne, Mittelst\u00e4ndler, Verb\u00e4nde, Kammern usw. Ihre Muttersprache ist Russisch, Deutsch beherrscht sie auf muttersprachlichem Niveau, Englisch spricht sie auf dem Niveau C2, ebenso wie Spanisch, Italienisch C1 und Franz\u00f6sisch B1. Nach ihrer Ausbildung zur Technischen \u00dcbersetzerin f\u00fcr Russisch und Englisch studierte sie an der Ruhr-Universit\u00e4t Bochum, erg\u00e4nzt durch Auslandsaufenthalte in Spanien und Italien, Romanistik und Film-und Fernsehwissenschaften (Abschluss 2005). Erika Rubinstein dolmetscht simultan und konsekutiv Veranstaltungen in den Bereichen Politik, Wirtschaft, Technik und Kultur. Schwerpunktthemen hierbei sind u.a. Automobil- und Maschinenbau, Energie, Landwirtschaft, Architektur, Film und Kunst, Bauwesen, Umweltschutz, Lebensmittel, Pharmakologie, Marketing, Recht. Erika Rubinstein hat 2021 eine Fortbildung zur gepr\u00fcften Immobilienverwalterin erfolgreich abgeschlossen. Au\u00dferdem hat sie umfassende Erfahrung im Bereich PR und Journalistik u.a. durch jahrelange Arbeit f\u00fcr renommierte Medien und im Organisieren und Moderieren von Veranstaltungen, darunter die jahrelange Leitung des J\u00fcdischen Filmfestivals D\u00fcsseldorf.\t\t\t\t\t\t<\/div>\n\t\t\t\t\t<\/div>\n\t\t\t\t<\/div>\n\t\t\t<\/div>\n\t\t<\/div>\n\t\t<\/div>\n\t\t\t\t<\/div>\n\t\t\t\t\t<\/div>\n\t\t<\/div>\n\t\t\t\t\t<\/div>\n\t\t<\/section>\n\t\t\t\t<\/div>\n\t\t","protected":false},"excerpt":{"rendered":"Grenzenlose Kommunikation &#8212; Wir sprechen Ihre Sprache Professionelle Sprachdienstleistungen Kontakt aufnehmen Erika Rubinstein Erika Rubinstein, M.A. Philologie, Konferenzdolmetscherin und erm\u00e4chtigte \u00dcbersetzerin, Mitglied in AIIC und VKD, arbeitet seit 2000 freiberuflich in den Sprachkombinationen Deutsch, Russisch und Englisch f\u00fcr EU- und UN-Beh\u00f6rden, Bundes- und Landesministerien und -\u00e4mter, sowie f\u00fcr internationale Konzerne, Mittelst\u00e4ndler, Verb\u00e4nde, Kammern usw. Ihre ","protected":false},"author":1,"featured_media":0,"parent":0,"menu_order":0,"comment_status":"closed","ping_status":"closed","template":"elementor_header_footer","meta":{"footnotes":""},"class_list":["post-1039","page","type-page","status-publish","hentry"],"_links":{"self":[{"href":"https:\/\/rubinstein-partner.com\/ru\/wp-json\/wp\/v2\/pages\/1039","targetHints":{"allow":["GET"]}}],"collection":[{"href":"https:\/\/rubinstein-partner.com\/ru\/wp-json\/wp\/v2\/pages"}],"about":[{"href":"https:\/\/rubinstein-partner.com\/ru\/wp-json\/wp\/v2\/types\/page"}],"author":[{"embeddable":true,"href":"https:\/\/rubinstein-partner.com\/ru\/wp-json\/wp\/v2\/users\/1"}],"replies":[{"embeddable":true,"href":"https:\/\/rubinstein-partner.com\/ru\/wp-json\/wp\/v2\/comments?post=1039"}],"version-history":[{"count":10,"href":"https:\/\/rubinstein-partner.com\/ru\/wp-json\/wp\/v2\/pages\/1039\/revisions"}],"predecessor-version":[{"id":1320,"href":"https:\/\/rubinstein-partner.com\/ru\/wp-json\/wp\/v2\/pages\/1039\/revisions\/1320"}],"wp:attachment":[{"href":"https:\/\/rubinstein-partner.com\/ru\/wp-json\/wp\/v2\/media?parent=1039"}],"curies":[{"name":"wp","href":"https:\/\/api.w.org\/{rel}","templated":true}]}}